{"id":758,"date":"2015-11-19T21:19:09","date_gmt":"2015-11-19T21:19:09","guid":{"rendered":"http:\/\/muusika.nvv.ee\/?page_id=758"},"modified":"2023-02-07T15:16:16","modified_gmt":"2023-02-07T13:16:16","slug":"hoolekogu","status":"publish","type":"page","link":"https:\/\/muusika.nvv.ee\/?page_id=758","title":{"rendered":"Hoolekogu"},"content":{"rendered":"<p>Lapsevanemate esindajad:<\/p>\n<p><strong>Anne Kasesalu-Roops<\/strong><\/p>\n<p><strong>Merle Ulst<\/strong><\/p>\n<p><strong>Kretel Tamm<\/strong><\/p>\n<p>\u00d5petajate esindajad:<\/p>\n<p><strong>Hanna Sootla<\/strong><\/p>\n<p><strong>Margit Keeman<\/strong><\/p>\n<p><strong>Katrin M\u00e4gi<\/strong><\/p>\n<p>Vallavolikogu esindaja:<\/p>\n<p><b>Aigar Brett\u00a0<\/b><\/p>\n<p>Hoolekogu k\u00e4ib koos kooli \u00f5ppet\u00f6\u00f6 ajal \u00fcks kord kvartalis v\u00f5i vastavalt vajadusele.<br \/>\nE-mail: hoolekogu.nm@gmail.com<\/p>\n","protected":false},"excerpt":{"rendered":"<p>Lapsevanemate esindajad: Anne Kasesalu-Roops Merle Ulst Kretel Tamm \u00d5petajate esindajad: Hanna Sootla Margit Keeman Katrin M\u00e4gi Vallavolikogu esindaja: Aigar Brett\u00a0 Hoolekogu k\u00e4ib koos kooli \u00f5ppet\u00f6\u00f6 ajal \u00fcks kord kvartalis v\u00f5i vastavalt vajadusele. E-mail: hoolekogu.nm@gmail.com<\/p>\n","protected":false},"author":4,"featured_media":0,"parent":28,"menu_order":3,"comment_status":"closed","ping_status":"closed","template":"","meta":{"footnotes":""},"class_list":["post-758","page","type-page","status-publish","hentry"],"_links":{"self":[{"href":"https:\/\/muusika.nvv.ee\/index.php?rest_route=\/wp\/v2\/pages\/758","targetHints":{"allow":["GET"]}}],"collection":[{"href":"https:\/\/muusika.nvv.ee\/index.php?rest_route=\/wp\/v2\/pages"}],"about":[{"href":"https:\/\/muusika.nvv.ee\/index.php?rest_route=\/wp\/v2\/types\/page"}],"author":[{"embeddable":true,"href":"https:\/\/muusika.nvv.ee\/index.php?rest_route=\/wp\/v2\/users\/4"}],"replies":[{"embeddable":true,"href":"https:\/\/muusika.nvv.ee\/index.php?rest_route=%2Fwp%2Fv2%2Fcomments&post=758"}],"version-history":[{"count":23,"href":"https:\/\/muusika.nvv.ee\/index.php?rest_route=\/wp\/v2\/pages\/758\/revisions"}],"predecessor-version":[{"id":3339,"href":"https:\/\/muusika.nvv.ee\/index.php?rest_route=\/wp\/v2\/pages\/758\/revisions\/3339"}],"up":[{"embeddable":true,"href":"https:\/\/muusika.nvv.ee\/index.php?rest_route=\/wp\/v2\/pages\/28"}],"wp:attachment":[{"href":"https:\/\/muusika.nvv.ee\/index.php?rest_route=%2Fwp%2Fv2%2Fmedia&parent=758"}],"curies":[{"name":"wp","href":"https:\/\/api.w.org\/{rel}","templated":true}]}}