{"id":3584,"date":"2026-02-10T14:01:12","date_gmt":"2026-02-10T12:01:12","guid":{"rendered":"https:\/\/muusika.nvv.ee\/?page_id=3584"},"modified":"2026-02-10T14:16:29","modified_gmt":"2026-02-10T12:16:29","slug":"xiv-poiste-solistide-voistulaulmine-4-martsil-2026-noo-muusikakoolis","status":"publish","type":"page","link":"https:\/\/muusika.nvv.ee\/?page_id=3584","title":{"rendered":"XIV poiste-solistide v\u00f5istulaulmine 4. m\u00e4rtsil 2026 N\u00f5o Muusikakoolis"},"content":{"rendered":"\n<p>Registreerimise viimane p\u00e4ev 25.02.2026<br>Tartu linna ja maakonna eelvoor<br><strong>Kolmap\u00e4eval, 4. m\u00e4rtsil 2026<\/strong><br>N\u00f5o Muusikakoolis, Tartu 14, N\u00f5o<\/p>\n\n\n\n<p>Vanusegruppi kuuluvuse m\u00e4\u00e4rab esineja vanus seisuga 03. mai 2026. Lauluv\u00f5istlusest v\u00f5ivad osa v\u00f5tta k\u00f5ik lauluhuvilised poisid. Registreeruda saab <a href=\"https:\/\/docs.google.com\/forms\/d\/e\/1FAIpQLScs5s_CISRfo53is3HSbj-IDXhARGYIVUMiP6QG1ZCgBvQkBA\/viewform?usp=sharing&amp;ouid=101404136126872282685\" data-type=\"link\" data-id=\"https:\/\/docs.google.com\/forms\/d\/e\/1FAIpQLScs5s_CISRfo53is3HSbj-IDXhARGYIVUMiP6QG1ZCgBvQkBA\/viewform?usp=sharing&amp;ouid=101404136126872282685\">SIIN<\/a><\/p>\n\n\n\n<div data-wp-interactive=\"core\/file\" class=\"wp-block-file\"><object data-wp-bind--hidden=\"!state.hasPdfPreview\" hidden class=\"wp-block-file__embed\" data=\"https:\/\/muusika.nvv.ee\/wp-content\/uploads\/2026\/02\/XIV-poiste-solistide-voistulaulmine_reglement.pdf\" type=\"application\/pdf\" style=\"width:100%;height:600px\" aria-label=\"Lisa XIV-poiste-solistide-voistulaulmine_reglement.\"><\/object><a id=\"wp-block-file--media-e904f921-d7f1-4871-adbf-40cc8ff111b6\" href=\"https:\/\/muusika.nvv.ee\/wp-content\/uploads\/2026\/02\/XIV-poiste-solistide-voistulaulmine_reglement.pdf\">XIV-poiste-solistide-voistulaulmine_reglement<\/a><a href=\"https:\/\/muusika.nvv.ee\/wp-content\/uploads\/2026\/02\/XIV-poiste-solistide-voistulaulmine_reglement.pdf\" class=\"wp-block-file__button wp-element-button\" download aria-describedby=\"wp-block-file--media-e904f921-d7f1-4871-adbf-40cc8ff111b6\">Laadi alla<\/a><\/div>\n","protected":false},"excerpt":{"rendered":"<p>Registreerimise viimane p\u00e4ev 25.02.2026Tartu linna ja maakonna eelvoorKolmap\u00e4eval, 4. m\u00e4rtsil 2026N\u00f5o Muusikakoolis, Tartu 14, N\u00f5o Vanusegruppi kuuluvuse m\u00e4\u00e4rab esineja vanus seisuga 03. mai 2026. Lauluv\u00f5istlusest v\u00f5ivad osa v\u00f5tta k\u00f5ik lauluhuvilised poisid. Registreeruda saab SIIN<\/p>\n","protected":false},"author":7,"featured_media":0,"parent":0,"menu_order":0,"comment_status":"closed","ping_status":"closed","template":"","meta":{"footnotes":""},"class_list":["post-3584","page","type-page","status-publish","hentry"],"_links":{"self":[{"href":"https:\/\/muusika.nvv.ee\/index.php?rest_route=\/wp\/v2\/pages\/3584","targetHints":{"allow":["GET"]}}],"collection":[{"href":"https:\/\/muusika.nvv.ee\/index.php?rest_route=\/wp\/v2\/pages"}],"about":[{"href":"https:\/\/muusika.nvv.ee\/index.php?rest_route=\/wp\/v2\/types\/page"}],"author":[{"embeddable":true,"href":"https:\/\/muusika.nvv.ee\/index.php?rest_route=\/wp\/v2\/users\/7"}],"replies":[{"embeddable":true,"href":"https:\/\/muusika.nvv.ee\/index.php?rest_route=%2Fwp%2Fv2%2Fcomments&post=3584"}],"version-history":[{"count":3,"href":"https:\/\/muusika.nvv.ee\/index.php?rest_route=\/wp\/v2\/pages\/3584\/revisions"}],"predecessor-version":[{"id":3593,"href":"https:\/\/muusika.nvv.ee\/index.php?rest_route=\/wp\/v2\/pages\/3584\/revisions\/3593"}],"wp:attachment":[{"href":"https:\/\/muusika.nvv.ee\/index.php?rest_route=%2Fwp%2Fv2%2Fmedia&parent=3584"}],"curies":[{"name":"wp","href":"https:\/\/api.w.org\/{rel}","templated":true}]}}