{"id":3471,"date":"2024-09-10T13:30:20","date_gmt":"2024-09-10T11:30:20","guid":{"rendered":"https:\/\/muusika.nvv.ee\/?page_id=3471"},"modified":"2025-09-10T14:27:02","modified_gmt":"2025-09-10T12:27:02","slug":"puhkpillistuudio","status":"publish","type":"page","link":"https:\/\/muusika.nvv.ee\/?page_id=3471","title":{"rendered":"Puhkpillistuudio"},"content":{"rendered":"\n<p>N\u00f5o Muusikakooli puhkpillistuudio alustab taas! Puhkpillistuudio on m\u00f5eldud \u00f5pilastele alates p\u00f5hikooli 2. klassist ning sobib lastele, kes ei \u00f5pi muusikakoolis.<\/p>\n\n\n\n<p>Puhkpillistuudiosse v\u00f5ib tulla <strong>ilma katseteta, kuid kohtade arv on piiratud<\/strong> (kuni 8 \u00f5pilast). \u00d5pe toimub grupi\u00f5ppena \u00fcks kord n\u00e4dalas, korraga 40 minutit. <\/p>\n\n\n\n<p>Tunnid toimuvad teisip\u00e4eviti kell 18:00-18:40 N\u00f5o Muusikakoolis. Instrumendid on kooli poolt.<\/p>\n\n\n\n<p>Puhkpillistuudio kuutasu on 30 eurot ning \u00f5pe toimub oktoobrist kuni aprilli l\u00f5puni (7 kuud). Puhkpillistuudiosse registreerumine toimub <a href=\"https:\/\/forms.gle\/KVJHkmG7eTBrr8sT7\">SIIN!<\/a><\/p>\n\n\n\n<figure class=\"wp-block-image size-large\"><a href=\"https:\/\/muusika.nvv.ee\/wp-content\/uploads\/2025\/09\/Music-Fest-1.png\"><img loading=\"lazy\" decoding=\"async\" width=\"1024\" height=\"577\" src=\"https:\/\/muusika.nvv.ee\/wp-content\/uploads\/2025\/09\/Music-Fest-1-1024x577.png\" alt=\"\" class=\"wp-image-3550\" srcset=\"https:\/\/muusika.nvv.ee\/wp-content\/uploads\/2025\/09\/Music-Fest-1-1024x577.png 1024w, https:\/\/muusika.nvv.ee\/wp-content\/uploads\/2025\/09\/Music-Fest-1-300x169.png 300w, https:\/\/muusika.nvv.ee\/wp-content\/uploads\/2025\/09\/Music-Fest-1-768x433.png 768w, https:\/\/muusika.nvv.ee\/wp-content\/uploads\/2025\/09\/Music-Fest-1-1536x865.png 1536w, https:\/\/muusika.nvv.ee\/wp-content\/uploads\/2025\/09\/Music-Fest-1.png 1640w\" sizes=\"auto, (max-width: 1024px) 100vw, 1024px\" \/><\/a><\/figure>\n","protected":false},"excerpt":{"rendered":"<p>N\u00f5o Muusikakooli puhkpillistuudio alustab taas! Puhkpillistuudio on m\u00f5eldud \u00f5pilastele alates p\u00f5hikooli 2. klassist ning sobib lastele, kes ei \u00f5pi muusikakoolis. Puhkpillistuudiosse v\u00f5ib tulla ilma katseteta, kuid kohtade arv on piiratud (kuni 8 \u00f5pilast). \u00d5pe toimub grupi\u00f5ppena \u00fcks kord n\u00e4dalas, korraga &hellip; <a href=\"https:\/\/muusika.nvv.ee\/?page_id=3471\">J\u00e4tka lugemist <span class=\"meta-nav\">&rarr;<\/span><\/a><\/p>\n","protected":false},"author":7,"featured_media":0,"parent":0,"menu_order":0,"comment_status":"closed","ping_status":"closed","template":"","meta":{"footnotes":""},"class_list":["post-3471","page","type-page","status-publish","hentry"],"_links":{"self":[{"href":"https:\/\/muusika.nvv.ee\/index.php?rest_route=\/wp\/v2\/pages\/3471","targetHints":{"allow":["GET"]}}],"collection":[{"href":"https:\/\/muusika.nvv.ee\/index.php?rest_route=\/wp\/v2\/pages"}],"about":[{"href":"https:\/\/muusika.nvv.ee\/index.php?rest_route=\/wp\/v2\/types\/page"}],"author":[{"embeddable":true,"href":"https:\/\/muusika.nvv.ee\/index.php?rest_route=\/wp\/v2\/users\/7"}],"replies":[{"embeddable":true,"href":"https:\/\/muusika.nvv.ee\/index.php?rest_route=%2Fwp%2Fv2%2Fcomments&post=3471"}],"version-history":[{"count":4,"href":"https:\/\/muusika.nvv.ee\/index.php?rest_route=\/wp\/v2\/pages\/3471\/revisions"}],"predecessor-version":[{"id":3551,"href":"https:\/\/muusika.nvv.ee\/index.php?rest_route=\/wp\/v2\/pages\/3471\/revisions\/3551"}],"wp:attachment":[{"href":"https:\/\/muusika.nvv.ee\/index.php?rest_route=%2Fwp%2Fv2%2Fmedia&parent=3471"}],"curies":[{"name":"wp","href":"https:\/\/api.w.org\/{rel}","templated":true}]}}