{"id":3324,"date":"2023-02-07T14:50:38","date_gmt":"2023-02-07T12:50:38","guid":{"rendered":"https:\/\/muusika.nvv.ee\/?page_id=3324"},"modified":"2025-09-08T12:02:01","modified_gmt":"2025-09-08T10:02:01","slug":"opetajad","status":"publish","type":"page","link":"https:\/\/muusika.nvv.ee\/?page_id=3324","title":{"rendered":"\u00d5petajad"},"content":{"rendered":"\n<p><strong>K\u00e4tlin Virgo<\/strong><\/p>\n\n\n\n<p>direktor<\/p>\n\n\n\n<p>tel. 56989618<\/p>\n\n\n\n<p><strong>Taavi Toomsalu<\/strong><\/p>\n\n\n\n<p>saksofon, klarnet<\/p>\n\n\n\n<p><strong>Margit Keeman<\/strong><\/p>\n\n\n\n<p>klaver<\/p>\n\n\n\n<p><strong>Riina Piirikivi<\/strong><\/p>\n\n\n\n<p>akordion\/klaver<\/p>\n\n\n\n<p><strong>Lande Kits<\/strong><\/p>\n\n\n\n<p>fl\u00f6\u00f6t<\/p>\n\n\n\n<p><strong>Katrin M\u00e4gi<\/strong><\/p>\n\n\n\n<p>klaver, muusikalugu<\/p>\n\n\n\n<p><strong>K\u00fcllike M\u00e4nnik<\/strong><\/p>\n\n\n\n<p>l\u00f6\u00f6kpillid<\/p>\n\n\n\n<p><strong>Jaana Oberst<\/strong><\/p>\n\n\n\n<p>laul<\/p>\n\n\n\n<p><strong>Vaido Petser<\/strong><\/p>\n\n\n\n<p>kitarr<\/p>\n\n\n\n<p><strong>Aigor Post<\/strong><\/p>\n\n\n\n<p>trompet<\/p>\n\n\n\n<p><strong>Kristel Eeroja-P\u00f5ldoja<\/strong><\/p>\n\n\n\n<p>viiul<\/p>\n\n\n\n<p><strong>Triinu Raudver<\/strong><\/p>\n\n\n\n<p>viiul<\/p>\n\n\n\n<p><strong>Kristi Timma<\/strong><\/p>\n\n\n\n<p>viiul<\/p>\n\n\n\n<p><strong>Kersti Juul<\/strong><\/p>\n\n\n\n<p>klaver<\/p>\n\n\n\n<p><strong>Hanna Sootla<\/strong><\/p>\n\n\n\n<p>solfed\u017eo<\/p>\n\n\n\n<p><\/p>\n\n\n\n<p><strong>Kristel S\u00f6\u00f6t<\/strong><\/p>\n\n\n\n<p>kitarr<\/p>\n\n\n\n<p><strong>Olena Syzonova<\/strong><\/p>\n\n\n\n<p>kontsertmeister<\/p>\n","protected":false},"excerpt":{"rendered":"<p>K\u00e4tlin Virgo direktor tel. 56989618 Taavi Toomsalu saksofon, klarnet Margit Keeman klaver Riina Piirikivi akordion\/klaver Lande Kits fl\u00f6\u00f6t Katrin M\u00e4gi klaver, muusikalugu K\u00fcllike M\u00e4nnik l\u00f6\u00f6kpillid Jaana Oberst laul Vaido Petser kitarr Aigor Post trompet Kristel Eeroja-P\u00f5ldoja viiul Triinu Raudver viiul &hellip; <a href=\"https:\/\/muusika.nvv.ee\/?page_id=3324\">J\u00e4tka lugemist <span class=\"meta-nav\">&rarr;<\/span><\/a><\/p>\n","protected":false},"author":7,"featured_media":0,"parent":0,"menu_order":0,"comment_status":"closed","ping_status":"closed","template":"","meta":{"footnotes":""},"class_list":["post-3324","page","type-page","status-publish","hentry"],"_links":{"self":[{"href":"https:\/\/muusika.nvv.ee\/index.php?rest_route=\/wp\/v2\/pages\/3324","targetHints":{"allow":["GET"]}}],"collection":[{"href":"https:\/\/muusika.nvv.ee\/index.php?rest_route=\/wp\/v2\/pages"}],"about":[{"href":"https:\/\/muusika.nvv.ee\/index.php?rest_route=\/wp\/v2\/types\/page"}],"author":[{"embeddable":true,"href":"https:\/\/muusika.nvv.ee\/index.php?rest_route=\/wp\/v2\/users\/7"}],"replies":[{"embeddable":true,"href":"https:\/\/muusika.nvv.ee\/index.php?rest_route=%2Fwp%2Fv2%2Fcomments&post=3324"}],"version-history":[{"count":9,"href":"https:\/\/muusika.nvv.ee\/index.php?rest_route=\/wp\/v2\/pages\/3324\/revisions"}],"predecessor-version":[{"id":3545,"href":"https:\/\/muusika.nvv.ee\/index.php?rest_route=\/wp\/v2\/pages\/3324\/revisions\/3545"}],"wp:attachment":[{"href":"https:\/\/muusika.nvv.ee\/index.php?rest_route=%2Fwp%2Fv2%2Fmedia&parent=3324"}],"curies":[{"name":"wp","href":"https:\/\/api.w.org\/{rel}","templated":true}]}}