{"id":2492,"date":"2020-01-14T16:19:42","date_gmt":"2020-01-14T14:19:42","guid":{"rendered":"http:\/\/muusika.nvv.ee\/?page_id=2492"},"modified":"2021-04-16T14:34:15","modified_gmt":"2021-04-16T12:34:15","slug":"projektid","status":"publish","type":"page","link":"https:\/\/muusika.nvv.ee\/?page_id=2492","title":{"rendered":"PROJEKTID JA KONKURSID"},"content":{"rendered":"<p><span style=\"font-weight: 400;\"><a href=\"http:\/\/muusika.nvv.ee\/projektid\/logod\/\" rel=\"attachment wp-att-2498\"><img loading=\"lazy\" decoding=\"async\" class=\"size-full wp-image-2498 aligncenter\" src=\"http:\/\/muusika.nvv.ee\/wp-content\/uploads\/2020\/01\/logod.png\" alt=\"\" width=\"707\" height=\"147\" srcset=\"https:\/\/muusika.nvv.ee\/wp-content\/uploads\/2020\/01\/logod.png 707w, https:\/\/muusika.nvv.ee\/wp-content\/uploads\/2020\/01\/logod-300x62.png 300w, https:\/\/muusika.nvv.ee\/wp-content\/uploads\/2020\/01\/logod-600x125.png 600w\" sizes=\"auto, (max-width: 707px) 100vw, 707px\" \/><\/a><\/span><\/p>\n<p><span style=\"font-weight: 400;\">Eesti Noorsoot\u00f6\u00f6 keskus toetas N\u00f5o Muusikakooli koost\u00f6\u00f6s N\u00f5o Noortekeskusega&nbsp;<\/span><span style=\"font-weight: 400;\">2019. <\/span>aastal Varaait vol 15 projekti \u201eLuuperi rakendamine kaasaegses huvihariduses ja noorsoot\u00f6\u00f6s\u201c raames 1200 euroga mille eest soetati N\u00f5o Muusikakooli luuper ja aktiivk\u00f5lar.<\/p>\n","protected":false},"excerpt":{"rendered":"<p>Eesti Noorsoot\u00f6\u00f6 keskus toetas N\u00f5o Muusikakooli koost\u00f6\u00f6s N\u00f5o Noortekeskusega&nbsp;2019. aastal Varaait vol 15 projekti \u201eLuuperi rakendamine kaasaegses huvihariduses ja noorsoot\u00f6\u00f6s\u201c raames 1200 euroga mille eest soetati N\u00f5o Muusikakooli luuper ja aktiivk\u00f5lar.<\/p>\n","protected":false},"author":4,"featured_media":0,"parent":0,"menu_order":0,"comment_status":"closed","ping_status":"closed","template":"","meta":{"footnotes":""},"class_list":["post-2492","page","type-page","status-publish","hentry"],"_links":{"self":[{"href":"https:\/\/muusika.nvv.ee\/index.php?rest_route=\/wp\/v2\/pages\/2492","targetHints":{"allow":["GET"]}}],"collection":[{"href":"https:\/\/muusika.nvv.ee\/index.php?rest_route=\/wp\/v2\/pages"}],"about":[{"href":"https:\/\/muusika.nvv.ee\/index.php?rest_route=\/wp\/v2\/types\/page"}],"author":[{"embeddable":true,"href":"https:\/\/muusika.nvv.ee\/index.php?rest_route=\/wp\/v2\/users\/4"}],"replies":[{"embeddable":true,"href":"https:\/\/muusika.nvv.ee\/index.php?rest_route=%2Fwp%2Fv2%2Fcomments&post=2492"}],"version-history":[{"count":4,"href":"https:\/\/muusika.nvv.ee\/index.php?rest_route=\/wp\/v2\/pages\/2492\/revisions"}],"predecessor-version":[{"id":2683,"href":"https:\/\/muusika.nvv.ee\/index.php?rest_route=\/wp\/v2\/pages\/2492\/revisions\/2683"}],"wp:attachment":[{"href":"https:\/\/muusika.nvv.ee\/index.php?rest_route=%2Fwp%2Fv2%2Fmedia&parent=2492"}],"curies":[{"name":"wp","href":"https:\/\/api.w.org\/{rel}","templated":true}]}}