{"id":1159,"date":"2016-05-27T15:53:56","date_gmt":"2016-05-27T15:53:56","guid":{"rendered":"http:\/\/muusika.nvv.ee\/?page_id=1159"},"modified":"2025-08-06T13:55:15","modified_gmt":"2025-08-06T11:55:15","slug":"sisseastujale","status":"publish","type":"page","link":"https:\/\/muusika.nvv.ee\/?page_id=1159","title":{"rendered":"SISSEASTUJALE"},"content":{"rendered":"<p>SISSEASTUMISINFO<br \/>Vastuv\u00f5tukatsed veel vabadele kohtadele 2025\/2026 \u00f5ppeaastaks toimuvad 25. augustil algusega kell 15.00 N\u00f5o Muusikakoolis.<\/p>\n<div><b>PS! Vastuv\u00f5tt toimub j\u00e4rgmistele erialadele:<\/b><\/div>\n<div><b>L\u00f6\u00f6kpill<\/b><\/div>\n<div><b>Vaskpuhkpill (trompet, tromboon)<\/b><\/div>\n<div><b>Fl\u00f6\u00f6t<\/b><\/div>\n<div><b>Akordion<\/b><\/div>\n<p><br \/>Eelregistreerimine <a href=\"https:\/\/docs.google.com\/forms\/d\/e\/1FAIpQLSelnAL18Bx2u4Hdaq_2cK7ggUXx7fP1ZCZbAAMjgooWDTP55Q\/viewform?usp=sharing&amp;ouid=118370040147563393458\">SIIN<\/a> v\u00f5i kooli telefonil 53495886.<\/p>\n<ul>\n<li><strong>Sisseastumisel palume:<\/strong><br \/>laulda vabal valikul laulust \u00fcks salm;<br \/>koputada vaikides oma laulu r\u00fctmi;<br \/>laulda \u00fcksikuid helisid j\u00e4rgi la-silbil (\u00f5petaja m\u00e4ngib klaveril helik\u00f5rguse ette);<br \/>koputada j\u00e4rgi l\u00fchikesi r\u00fctmiharjutusi;<br \/>laulda j\u00e4rgi l\u00fchikesi meloodiakatkendeid la-silbil;<br \/>eristada klaveril korraga m\u00e4ngitud 1,2 v\u00f5i 3 heli kuulmise j\u00e4rgi (kuulata, mitu heli korraga k\u00f5lab).<\/li>\n<\/ul>\n\n\n<p>Alustavate \u00f5ppijate lastevanemate koosolek toimub 28.08 kell 18.00 N\u00f5o Muusikakooli saalis!<\/p>\n\n\n\n<p><\/p>\n","protected":false},"excerpt":{"rendered":"<p>SISSEASTUMISINFOVastuv\u00f5tukatsed veel vabadele kohtadele 2025\/2026 \u00f5ppeaastaks toimuvad 25. augustil algusega kell 15.00 N\u00f5o Muusikakoolis. PS! Vastuv\u00f5tt toimub j\u00e4rgmistele erialadele: L\u00f6\u00f6kpill Vaskpuhkpill (trompet, tromboon) Fl\u00f6\u00f6t Akordion Eelregistreerimine SIIN v\u00f5i kooli telefonil 53495886. Sisseastumisel palume:laulda vabal valikul laulust \u00fcks salm;koputada vaikides oma &hellip; <a href=\"https:\/\/muusika.nvv.ee\/?page_id=1159\">J\u00e4tka lugemist <span class=\"meta-nav\">&rarr;<\/span><\/a><\/p>\n","protected":false},"author":4,"featured_media":2528,"parent":0,"menu_order":0,"comment_status":"closed","ping_status":"closed","template":"","meta":{"footnotes":""},"class_list":["post-1159","page","type-page","status-publish","has-post-thumbnail","hentry"],"_links":{"self":[{"href":"https:\/\/muusika.nvv.ee\/index.php?rest_route=\/wp\/v2\/pages\/1159","targetHints":{"allow":["GET"]}}],"collection":[{"href":"https:\/\/muusika.nvv.ee\/index.php?rest_route=\/wp\/v2\/pages"}],"about":[{"href":"https:\/\/muusika.nvv.ee\/index.php?rest_route=\/wp\/v2\/types\/page"}],"author":[{"embeddable":true,"href":"https:\/\/muusika.nvv.ee\/index.php?rest_route=\/wp\/v2\/users\/4"}],"replies":[{"embeddable":true,"href":"https:\/\/muusika.nvv.ee\/index.php?rest_route=%2Fwp%2Fv2%2Fcomments&post=1159"}],"version-history":[{"count":28,"href":"https:\/\/muusika.nvv.ee\/index.php?rest_route=\/wp\/v2\/pages\/1159\/revisions"}],"predecessor-version":[{"id":3539,"href":"https:\/\/muusika.nvv.ee\/index.php?rest_route=\/wp\/v2\/pages\/1159\/revisions\/3539"}],"wp:featuredmedia":[{"embeddable":true,"href":"https:\/\/muusika.nvv.ee\/index.php?rest_route=\/wp\/v2\/media\/2528"}],"wp:attachment":[{"href":"https:\/\/muusika.nvv.ee\/index.php?rest_route=%2Fwp%2Fv2%2Fmedia&parent=1159"}],"curies":[{"name":"wp","href":"https:\/\/api.w.org\/{rel}","templated":true}]}}